{"id":485,"date":"2025-06-27T14:06:36","date_gmt":"2025-06-27T14:06:36","guid":{"rendered":"https:\/\/ascar.org.ar\/?page_id=485"},"modified":"2025-06-27T20:09:12","modified_gmt":"2025-06-27T20:09:12","slug":"donaciones","status":"publish","type":"page","link":"https:\/\/ascar.org.ar\/en\/donaciones\/","title":{"rendered":"Donaciones"},"content":{"rendered":"<div data-elementor-type=\"wp-page\" data-elementor-id=\"485\" class=\"elementor elementor-485\" data-elementor-post-type=\"page\">\n\t\t\t\t<div class=\"elementor-element elementor-element-eb1576e e-flex e-con-boxed e-con e-parent\" data-id=\"eb1576e\" data-element_type=\"container\" data-settings=\"{&quot;background_background&quot;:&quot;classic&quot;}\">\n\t\t\t\t\t<div class=\"e-con-inner\">\n\t\t<div class=\"elementor-element elementor-element-21e608a e-con-full e-flex e-con e-child\" data-id=\"21e608a\" data-element_type=\"container\">\n\t\t\t\t<div class=\"elementor-element elementor-element-393a33e elementor-widget__width-initial elementor-widget elementor-widget-heading\" data-id=\"393a33e\" data-element_type=\"widget\" data-widget_type=\"heading.default\">\n\t\t\t\t<div class=\"elementor-widget-container\">\n\t\t\t\t\t<h2 class=\"elementor-heading-title elementor-size-default\">Don\u00e1 y ayud\u00e1 a fortalecer nuestra red<\/h2>\t\t\t\t<\/div>\n\t\t\t\t<\/div>\n\t\t\t\t<div class=\"elementor-element elementor-element-8f513f2 elementor-widget elementor-widget-text-editor\" data-id=\"8f513f2\" data-element_type=\"widget\" data-widget_type=\"text-editor.default\">\n\t\t\t\t<div class=\"elementor-widget-container\">\n\t\t\t\t\t\t\t\t\t<p>Cada colaboraci\u00f3n ayuda a sostener nuestras acciones sociales, culturales y deportivas.<\/p>\t\t\t\t\t\t\t\t<\/div>\n\t\t\t\t<\/div>\n\t\t\t\t<\/div>\n\t\t\t\t\t<\/div>\n\t\t\t\t<\/div>\n\t\t<div class=\"elementor-element elementor-element-f52fdc9 e-flex e-con-boxed e-con e-parent\" data-id=\"f52fdc9\" data-element_type=\"container\">\n\t\t\t\t\t<div class=\"e-con-inner\">\n\t\t\t\t<div class=\"elementor-element elementor-element-85b769a elementor-widget elementor-widget-heading\" data-id=\"85b769a\" data-element_type=\"widget\" data-widget_type=\"heading.default\">\n\t\t\t\t<div class=\"elementor-widget-container\">\n\t\t\t\t\t<h2 class=\"elementor-heading-title elementor-size-default\">Datos bancarios<\/h2>\t\t\t\t<\/div>\n\t\t\t\t<\/div>\n\t\t\t\t<div class=\"elementor-element elementor-element-dddbd85 elementor-widget elementor-widget-image\" data-id=\"dddbd85\" data-element_type=\"widget\" data-widget_type=\"image.default\">\n\t\t\t\t<div class=\"elementor-widget-container\">\n\t\t\t\t\t\t\t\t\t\t\t\t\t\t\t<img fetchpriority=\"high\" decoding=\"async\" width=\"1024\" height=\"298\" src=\"https:\/\/ascar.org.ar\/wp-content\/uploads\/2025\/06\/Logo_Banco_Galicia.svg-1024x298.png\" class=\"attachment-large size-large wp-image-497\" alt=\"\" srcset=\"https:\/\/ascar.org.ar\/wp-content\/uploads\/2025\/06\/Logo_Banco_Galicia.svg-1024x298.png 1024w, https:\/\/ascar.org.ar\/wp-content\/uploads\/2025\/06\/Logo_Banco_Galicia.svg-300x87.png 300w, https:\/\/ascar.org.ar\/wp-content\/uploads\/2025\/06\/Logo_Banco_Galicia.svg-768x224.png 768w, https:\/\/ascar.org.ar\/wp-content\/uploads\/2025\/06\/Logo_Banco_Galicia.svg-1536x447.png 1536w, https:\/\/ascar.org.ar\/wp-content\/uploads\/2025\/06\/Logo_Banco_Galicia.svg-2048x596.png 2048w, https:\/\/ascar.org.ar\/wp-content\/uploads\/2025\/06\/Logo_Banco_Galicia.svg-18x5.png 18w\" sizes=\"(max-width: 1024px) 100vw, 1024px\" \/>\t\t\t\t\t\t\t\t\t\t\t\t\t\t\t<\/div>\n\t\t\t\t<\/div>\n\t\t\t\t<div class=\"elementor-element elementor-element-91cc65c elementor-widget-divider--view-line elementor-widget elementor-widget-divider\" data-id=\"91cc65c\" data-element_type=\"widget\" data-widget_type=\"divider.default\">\n\t\t\t\t<div class=\"elementor-widget-container\">\n\t\t\t\t\t\t\t<div class=\"elementor-divider\">\n\t\t\t<span class=\"elementor-divider-separator\">\n\t\t\t\t\t\t<\/span>\n\t\t<\/div>\n\t\t\t\t\t\t<\/div>\n\t\t\t\t<\/div>\n\t\t<div class=\"elementor-element elementor-element-1908721 e-con-full e-flex e-con e-child\" data-id=\"1908721\" data-element_type=\"container\">\n\t\t\t\t<div class=\"elementor-element elementor-element-8c712e0 elementor-widget elementor-widget-heading\" data-id=\"8c712e0\" data-element_type=\"widget\" data-widget_type=\"heading.default\">\n\t\t\t\t<div class=\"elementor-widget-container\">\n\t\t\t\t\t<h2 class=\"elementor-heading-title elementor-size-default\">N\u00famero de Cuenta<\/h2>\t\t\t\t<\/div>\n\t\t\t\t<\/div>\n\t\t\t\t<div class=\"elementor-element elementor-element-5e15599 elementor-widget__width-initial elementor-widget-tablet__width-initial elementor-widget-mobile__width-inherit elementor-widget elementor-widget-heading\" data-id=\"5e15599\" data-element_type=\"widget\" data-widget_type=\"heading.default\">\n\t\t\t\t<div class=\"elementor-widget-container\">\n\t\t\t\t\t<h2 class=\"elementor-heading-title elementor-size-default\">CC 22800 - 0011 - 9<\/h2>\t\t\t\t<\/div>\n\t\t\t\t<\/div>\n\t\t\t\t<\/div>\n\t\t<div class=\"elementor-element elementor-element-68737ed e-con-full e-flex e-con e-child\" data-id=\"68737ed\" data-element_type=\"container\">\n\t\t\t\t<div class=\"elementor-element elementor-element-6492073 elementor-widget elementor-widget-heading\" data-id=\"6492073\" data-element_type=\"widget\" data-widget_type=\"heading.default\">\n\t\t\t\t<div class=\"elementor-widget-container\">\n\t\t\t\t\t<h2 class=\"elementor-heading-title elementor-size-default\">CBU<\/h2>\t\t\t\t<\/div>\n\t\t\t\t<\/div>\n\t\t\t\t<div class=\"elementor-element elementor-element-ff1d43e elementor-widget__width-initial elementor-widget-tablet__width-initial elementor-widget-mobile__width-inherit elementor-widget elementor-widget-heading\" data-id=\"ff1d43e\" data-element_type=\"widget\" data-widget_type=\"heading.default\">\n\t\t\t\t<div class=\"elementor-widget-container\">\n\t\t\t\t\t<h2 class=\"elementor-heading-title elementor-size-default\">0070011520000022800097<\/h2>\t\t\t\t<\/div>\n\t\t\t\t<\/div>\n\t\t\t\t<\/div>\n\t\t<div class=\"elementor-element elementor-element-2c34dd6 e-con-full e-flex e-con e-child\" data-id=\"2c34dd6\" data-element_type=\"container\">\n\t\t\t\t<div class=\"elementor-element elementor-element-73a9c14 elementor-widget elementor-widget-heading\" data-id=\"73a9c14\" data-element_type=\"widget\" data-widget_type=\"heading.default\">\n\t\t\t\t<div class=\"elementor-widget-container\">\n\t\t\t\t\t<h2 class=\"elementor-heading-title elementor-size-default\">CUIT<\/h2>\t\t\t\t<\/div>\n\t\t\t\t<\/div>\n\t\t\t\t<div class=\"elementor-element elementor-element-3a9056c elementor-widget__width-initial elementor-widget-tablet__width-initial elementor-widget-mobile__width-inherit elementor-widget elementor-widget-heading\" data-id=\"3a9056c\" data-element_type=\"widget\" data-widget_type=\"heading.default\">\n\t\t\t\t<div class=\"elementor-widget-container\">\n\t\t\t\t\t<h2 class=\"elementor-heading-title elementor-size-default\">30  - 71898285 -  1<\/h2>\t\t\t\t<\/div>\n\t\t\t\t<\/div>\n\t\t\t\t<\/div>\n\t\t\t\t\t<\/div>\n\t\t\t\t<\/div>\n\t\t\t\t<\/div>","protected":false},"excerpt":{"rendered":"<p>Don\u00e1 y ayud\u00e1 a fortalecer nuestra red Cada colaboraci\u00f3n ayuda a sostener nuestras acciones sociales, culturales y deportivas. Datos bancarios [&hellip;]<\/p>","protected":false},"author":1,"featured_media":0,"parent":0,"menu_order":0,"comment_status":"closed","ping_status":"closed","template":"","meta":{"site-sidebar-layout":"no-sidebar","site-content-layout":"","ast-site-content-layout":"full-width-container","site-content-style":"default","site-sidebar-style":"default","ast-global-header-display":"disabled","ast-banner-title-visibility":"","ast-main-header-display":"","ast-hfb-above-header-display":"","ast-hfb-below-header-display":"","ast-hfb-mobile-header-display":"","site-post-title":"disabled","ast-breadcrumbs-content":"","ast-featured-img":"disabled","footer-sml-layout":"disabled","theme-transparent-header-meta":"","adv-header-id-meta":"","stick-header-meta":"","header-above-stick-meta":"","header-main-stick-meta":"","header-below-stick-meta":"","astra-migrate-meta-layouts":"default","ast-page-background-enabled":"default","ast-page-background-meta":{"desktop":{"background-color":"var(--ast-global-color-5)","background-image":"","background-repeat":"repeat","background-position":"center center","background-size":"auto","background-attachment":"scroll","background-type":"","background-media":"","overlay-type":"","overlay-color":"","overlay-opacity":"","overlay-gradient":""},"tablet":{"background-color":"","background-image":"","background-repeat":"repeat","background-position":"center center","background-size":"auto","background-attachment":"scroll","background-type":"","background-media":"","overlay-type":"","overlay-color":"","overlay-opacity":"","overlay-gradient":""},"mobile":{"background-color":"","background-image":"","background-repeat":"repeat","background-position":"center center","background-size":"auto","background-attachment":"scroll","background-type":"","background-media":"","overlay-type":"","overlay-color":"","overlay-opacity":"","overlay-gradient":""}},"ast-content-background-meta":{"desktop":{"background-color":"var(--ast-global-color-4)","background-image":"","background-repeat":"repeat","background-position":"center center","background-size":"auto","background-attachment":"scroll","background-type":"","background-media":"","overlay-type":"","overlay-color":"","overlay-opacity":"","overlay-gradient":""},"tablet":{"background-color":"var(--ast-global-color-4)","background-image":"","background-repeat":"repeat","background-position":"center center","background-size":"auto","background-attachment":"scroll","background-type":"","background-media":"","overlay-type":"","overlay-color":"","overlay-opacity":"","overlay-gradient":""},"mobile":{"background-color":"var(--ast-global-color-4)","background-image":"","background-repeat":"repeat","background-position":"center center","background-size":"auto","background-attachment":"scroll","background-type":"","background-media":"","overlay-type":"","overlay-color":"","overlay-opacity":"","overlay-gradient":""}},"footnotes":""},"class_list":["post-485","page","type-page","status-publish","hentry"],"_links":{"self":[{"href":"https:\/\/ascar.org.ar\/en\/wp-json\/wp\/v2\/pages\/485","targetHints":{"allow":["GET"]}}],"collection":[{"href":"https:\/\/ascar.org.ar\/en\/wp-json\/wp\/v2\/pages"}],"about":[{"href":"https:\/\/ascar.org.ar\/en\/wp-json\/wp\/v2\/types\/page"}],"author":[{"embeddable":true,"href":"https:\/\/ascar.org.ar\/en\/wp-json\/wp\/v2\/users\/1"}],"replies":[{"embeddable":true,"href":"https:\/\/ascar.org.ar\/en\/wp-json\/wp\/v2\/comments?post=485"}],"version-history":[{"count":40,"href":"https:\/\/ascar.org.ar\/en\/wp-json\/wp\/v2\/pages\/485\/revisions"}],"predecessor-version":[{"id":668,"href":"https:\/\/ascar.org.ar\/en\/wp-json\/wp\/v2\/pages\/485\/revisions\/668"}],"wp:attachment":[{"href":"https:\/\/ascar.org.ar\/en\/wp-json\/wp\/v2\/media?parent=485"}],"curies":[{"name":"wp","href":"https:\/\/api.w.org\/{rel}","templated":true}]}}